{"id":53,"date":"2012-11-21T06:22:56","date_gmt":"2012-11-21T06:22:56","guid":{"rendered":"http:\/\/exchange.conlang.org\/?page_id=53"},"modified":"2012-11-30T05:56:43","modified_gmt":"2012-11-30T05:56:43","slug":"2009-card-gallery","status":"publish","type":"page","link":"https:\/\/exchange.conlang.org\/?page_id=53","title":{"rendered":"2009 Card Gallery"},"content":{"rendered":"\n\t\t<style type=\"text\/css\">\n\t\t\t#gallery-1 {\n\t\t\t\tmargin: auto;\n\t\t\t}\n\t\t\t#gallery-1 .gallery-item {\n\t\t\t\tfloat: left;\n\t\t\t\tmargin-top: 10px;\n\t\t\t\ttext-align: center;\n\t\t\t\twidth: 33%;\n\t\t\t}\n\t\t\t#gallery-1 img {\n\t\t\t\tborder: 2px solid #cfcfcf;\n\t\t\t}\n\t\t\t#gallery-1 .gallery-caption {\n\t\t\t\tmargin-left: 0;\n\t\t\t}\n\t\t\t\/* see gallery_shortcode() in wp-includes\/media.php *\/\n\t\t<\/style>\n\t\t<div id='gallery-1' class='gallery galleryid-53 gallery-columns-3 gallery-size-thumbnail'><dl class='gallery-item'>\n\t\t\t<dt class='gallery-icon landscape'>\n\t\t\t\t<a href='https:\/\/exchange.conlang.org\/?attachment_id=18'><img loading=\"lazy\" decoding=\"async\" width=\"150\" height=\"150\" src=\"https:\/\/exchange.conlang.org\/wp-content\/uploads\/2009\/12\/conlang_christmas_card_2009_1_20091204_1851614094-150x150.jpg\" class=\"attachment-thumbnail size-thumbnail\" alt=\"wou hinteuyau nuv muelid shummech weshuenihte chuddesh \u2018eushir\" aria-describedby=\"gallery-1-18\" \/><\/a>\n\t\t\t<\/dt>\n\t\t\t\t<dd class='wp-caption-text gallery-caption' id='gallery-1-18'>\n\t\t\t\tConlang text: wou hinteuyau nuv muelid shummech weshuenihte chuddesh &lsquo;eushir\n\t\t\t\t<\/dd><\/dl><dl class='gallery-item'>\n\t\t\t<dt class='gallery-icon landscape'>\n\t\t\t\t<a href='https:\/\/exchange.conlang.org\/?attachment_id=17'><img loading=\"lazy\" decoding=\"async\" width=\"150\" height=\"150\" src=\"https:\/\/exchange.conlang.org\/wp-content\/uploads\/2009\/12\/conlang_christmas_card_20092_2_20091204_1911082172-150x150.jpg\" class=\"attachment-thumbnail size-thumbnail\" alt=\"By the way, enjoy a Merry Christmas and a New Year of Happiness\" aria-describedby=\"gallery-1-17\" \/><\/a>\n\t\t\t<\/dt>\n\t\t\t\t<dd class='wp-caption-text gallery-caption' id='gallery-1-17'>\n\t\t\t\tTranslation: By the way, enjoy a Merry Christmas and a New Year of Happiness\n\t\t\t\t<\/dd><\/dl><dl class='gallery-item'>\n\t\t\t<dt class='gallery-icon landscape'>\n\t\t\t\t<a href='https:\/\/exchange.conlang.org\/?attachment_id=32'><img loading=\"lazy\" decoding=\"async\" width=\"150\" height=\"150\" src=\"https:\/\/exchange.conlang.org\/wp-content\/uploads\/2009\/12\/jayelinda_cce_cards_front_1_20091205_1637566206-150x150.jpg\" class=\"attachment-thumbnail size-thumbnail\" alt=\"\" aria-describedby=\"gallery-1-32\" \/><\/a>\n\t\t\t<\/dt>\n\t\t\t\t<dd class='wp-caption-text gallery-caption' id='gallery-1-32'>\n\t\t\t\tJayelinda Suridge, illustrated fronts of 2009 cards\n\t\t\t\t<\/dd><\/dl><br style=\"clear: both\" \/><dl class='gallery-item'>\n\t\t\t<dt class='gallery-icon landscape'>\n\t\t\t\t<a href='https:\/\/exchange.conlang.org\/?attachment_id=31'><img loading=\"lazy\" decoding=\"async\" width=\"150\" height=\"150\" src=\"https:\/\/exchange.conlang.org\/wp-content\/uploads\/2009\/12\/jayelinda_cce_cards_back_2_20091205_1660338962-150x150.jpg\" class=\"attachment-thumbnail size-thumbnail\" alt=\"\" aria-describedby=\"gallery-1-31\" \/><\/a>\n\t\t\t<\/dt>\n\t\t\t\t<dd class='wp-caption-text gallery-caption' id='gallery-1-31'>\n\t\t\t\tJayelinda Suridge, inscribed backs of 2009 cards\n\t\t\t\t<\/dd><\/dl><dl class='gallery-item'>\n\t\t\t<dt class='gallery-icon landscape'>\n\t\t\t\t<a href='https:\/\/exchange.conlang.org\/?attachment_id=23'><img loading=\"lazy\" decoding=\"async\" width=\"150\" height=\"150\" src=\"https:\/\/exchange.conlang.org\/wp-content\/uploads\/2009\/12\/falgwiancard_1_20091209_1838985513-150x150.png\" class=\"attachment-thumbnail size-thumbnail\" alt=\"Ywyniedis Wienate ie Medis Mymidimylime!\" aria-describedby=\"gallery-1-23\" \/><\/a>\n\t\t\t<\/dt>\n\t\t\t\t<dd class='wp-caption-text gallery-caption' id='gallery-1-23'>\n\t\t\t\tFalgwian Christmas card by Viktor77: Ywyniedis Wienate ie Medis Mymidimylime!  Merry Christmas and Happy New Year!\n\t\t\t\t<\/dd><\/dl><dl class='gallery-item'>\n\t\t\t<dt class='gallery-icon landscape'>\n\t\t\t\t<a href='https:\/\/exchange.conlang.org\/?attachment_id=22'><img loading=\"lazy\" decoding=\"async\" width=\"150\" height=\"150\" src=\"https:\/\/exchange.conlang.org\/wp-content\/uploads\/2009\/12\/eugene_oh_1_20091209_1443192370-150x150.jpg\" class=\"attachment-thumbnail size-thumbnail\" alt=\"\" aria-describedby=\"gallery-1-22\" \/><\/a>\n\t\t\t<\/dt>\n\t\t\t\t<dd class='wp-caption-text gallery-caption' id='gallery-1-22'>\n\t\t\t\tClassical Arithide text: Aryos sirinai arevimi noki, Fesinor non eksan siethasi iabua. Damon erivra themme allidi tam eiktalenom.\n\t\t\t\t<\/dd><\/dl><br style=\"clear: both\" \/><dl class='gallery-item'>\n\t\t\t<dt class='gallery-icon portrait'>\n\t\t\t\t<a href='https:\/\/exchange.conlang.org\/?attachment_id=30'><img loading=\"lazy\" decoding=\"async\" width=\"150\" height=\"150\" src=\"https:\/\/exchange.conlang.org\/wp-content\/uploads\/2009\/12\/henrik_theiling_1_20091218_2006993897-150x150.jpg\" class=\"attachment-thumbnail size-thumbnail\" alt=\"Hjalri N\u00e1tli!\" aria-describedby=\"gallery-1-30\" \/><\/a>\n\t\t\t<\/dt>\n\t\t\t\t<dd class='wp-caption-text gallery-caption' id='gallery-1-30'>\n\t\t\t\t\u00derj\u00f3trunn postcard with Tirkunan commentary\n\t\t\t\t<\/dd><\/dl><dl class='gallery-item'>\n\t\t\t<dt class='gallery-icon portrait'>\n\t\t\t\t<a href='https:\/\/exchange.conlang.org\/?attachment_id=21'><img loading=\"lazy\" decoding=\"async\" width=\"150\" height=\"150\" src=\"https:\/\/exchange.conlang.org\/wp-content\/uploads\/2009\/12\/eugene_1_20091221_2015320988-150x150.jpg\" class=\"attachment-thumbnail size-thumbnail\" alt=\"\" \/><\/a>\n\t\t\t<\/dt><\/dl><dl class='gallery-item'>\n\t\t\t<dt class='gallery-icon portrait'>\n\t\t\t\t<a href='https:\/\/exchange.conlang.org\/?attachment_id=29'><img loading=\"lazy\" decoding=\"async\" width=\"150\" height=\"150\" src=\"https:\/\/exchange.conlang.org\/wp-content\/uploads\/2009\/12\/henrik_1_20091221_1866413214-150x150.jpg\" class=\"attachment-thumbnail size-thumbnail\" alt=\"Hjalri N\u00e1tli!\" aria-describedby=\"gallery-1-29\" \/><\/a>\n\t\t\t<\/dt>\n\t\t\t\t<dd class='wp-caption-text gallery-caption' id='gallery-1-29'>\n\t\t\t\t\u00derj\u00f3trunn postcard with Tirkunan commentary\n\t\t\t\t<\/dd><\/dl><br style=\"clear: both\" \/><dl class='gallery-item'>\n\t\t\t<dt class='gallery-icon landscape'>\n\t\t\t\t<a href='https:\/\/exchange.conlang.org\/?attachment_id=33'><img loading=\"lazy\" decoding=\"async\" width=\"150\" height=\"150\" src=\"https:\/\/exchange.conlang.org\/wp-content\/uploads\/2009\/12\/jorge_1_20091221_1728546673-150x150.jpg\" class=\"attachment-thumbnail size-thumbnail\" alt=\"me: to: me \/ te: mo: \/ ho mo:n he \/ te:n e: pe \/ je me: to: po: \/ me mo:n po \/ to me\" aria-describedby=\"gallery-1-33\" \/><\/a>\n\t\t\t<\/dt>\n\t\t\t\t<dd class='wp-caption-text gallery-caption' id='gallery-1-33'>\n\t\t\t\tJorge&#8217;s pre-IE language: me: to: me \/ te: mo: \/ ho mo:n he \/ te:n e: pe \/ je me: to: po: \/ me mo:n po \/ to me\n\t\t\t\t<\/dd><\/dl><dl class='gallery-item'>\n\t\t\t<dt class='gallery-icon portrait'>\n\t\t\t\t<a href='https:\/\/exchange.conlang.org\/?attachment_id=44'><img loading=\"lazy\" decoding=\"async\" width=\"150\" height=\"150\" src=\"https:\/\/exchange.conlang.org\/wp-content\/uploads\/2009\/12\/sam2_1_20091221_1318719858-150x150.jpg\" class=\"attachment-thumbnail size-thumbnail\" alt=\"\" \/><\/a>\n\t\t\t<\/dt><\/dl><dl class='gallery-item'>\n\t\t\t<dt class='gallery-icon portrait'>\n\t\t\t\t<a href='https:\/\/exchange.conlang.org\/?attachment_id=43'><img loading=\"lazy\" decoding=\"async\" width=\"150\" height=\"150\" src=\"https:\/\/exchange.conlang.org\/wp-content\/uploads\/2009\/12\/sam1_1_20091221_1331674907-150x150.jpg\" class=\"attachment-thumbnail size-thumbnail\" alt=\"\" \/><\/a>\n\t\t\t<\/dt><\/dl><br style=\"clear: both\" \/><dl class='gallery-item'>\n\t\t\t<dt class='gallery-icon portrait'>\n\t\t\t\t<a href='https:\/\/exchange.conlang.org\/?attachment_id=45'><img loading=\"lazy\" decoding=\"async\" width=\"150\" height=\"150\" src=\"https:\/\/exchange.conlang.org\/wp-content\/uploads\/2009\/12\/sam3_1_20091221_2052962047-150x150.jpg\" class=\"attachment-thumbnail size-thumbnail\" alt=\"\" \/><\/a>\n\t\t\t<\/dt><\/dl><dl class='gallery-item'>\n\t\t\t<dt class='gallery-icon portrait'>\n\t\t\t\t<a href='https:\/\/exchange.conlang.org\/?attachment_id=39'><img loading=\"lazy\" decoding=\"async\" width=\"150\" height=\"150\" src=\"https:\/\/exchange.conlang.org\/wp-content\/uploads\/2009\/12\/mijn_1_20091221_1731784855-150x150.jpg\" class=\"attachment-thumbnail size-thumbnail\" alt=\"Jaami 2010! Nematig\u00fckh Sam J\u00e3h t\u00e8\u00e8rr\u00e8\u00e8 gish ash\u00f6ti\u00fctekh Kerst\u00fc \u00e8\u00e8j o gish shngepag\u00e9kh iperr chtan sjasz\u00f6 \u00e8\u00e8j; tipueth gerhset&#039;akhesh\u00e8\u00e8 \u00e8\u00e8j naa! Nj\u00e8\u00e8nshwajgarr\" aria-describedby=\"gallery-1-39\" \/><\/a>\n\t\t\t<\/dt>\n\t\t\t\t<dd class='wp-caption-text gallery-caption' id='gallery-1-39'>\n\t\t\t\t\u2019\u00f5\u2019Set\u2019akht\u00fc Nj\u00e8\u00e8nshwajgarr text: Jaami 2010!  Nematig\u00fckh Sam J\u00e3h t\u00e8\u00e8rr\u00e8\u00e8 gish ash\u00f6ti\u00fctekh Kerst\u00fc \u00e8\u00e8j  o gish shngepag\u00e9kh iperr chtan sjasz\u00f6 \u00e8\u00e8j; tipueth gerhset&#8217;akhesh\u00e8\u00e8 \u00e8\u00e8j naa! Nj\u00e8\u00e8nshwajgarr\n\t\t\t\t<\/dd><\/dl><dl class='gallery-item'>\n\t\t\t<dt class='gallery-icon portrait'>\n\t\t\t\t<a href='https:\/\/exchange.conlang.org\/?attachment_id=14'><img loading=\"lazy\" decoding=\"async\" width=\"150\" height=\"150\" src=\"https:\/\/exchange.conlang.org\/wp-content\/uploads\/2010\/01\/alexandsai1_1_20100108_1189114829-150x150.jpg\" class=\"attachment-thumbnail size-thumbnail\" alt=\"\" \/><\/a>\n\t\t\t<\/dt><\/dl><br style=\"clear: both\" \/><dl class='gallery-item'>\n\t\t\t<dt class='gallery-icon portrait'>\n\t\t\t\t<a href='https:\/\/exchange.conlang.org\/?attachment_id=15'><img loading=\"lazy\" decoding=\"async\" width=\"150\" height=\"150\" src=\"https:\/\/exchange.conlang.org\/wp-content\/uploads\/2010\/01\/alexandsai2_2_20100108_2079845148-150x150.jpg\" class=\"attachment-thumbnail size-thumbnail\" alt=\"\" \/><\/a>\n\t\t\t<\/dt><\/dl><dl class='gallery-item'>\n\t\t\t<dt class='gallery-icon landscape'>\n\t\t\t\t<a href='https:\/\/exchange.conlang.org\/?attachment_id=16'><img loading=\"lazy\" decoding=\"async\" width=\"150\" height=\"150\" src=\"https:\/\/exchange.conlang.org\/wp-content\/uploads\/2010\/01\/asmith2_2_20100108_2004762640-150x150.jpg\" class=\"attachment-thumbnail size-thumbnail\" alt=\"\" \/><\/a>\n\t\t\t<\/dt><\/dl><dl class='gallery-item'>\n\t\t\t<dt class='gallery-icon landscape'>\n\t\t\t\t<a href='https:\/\/exchange.conlang.org\/?attachment_id=19'><img loading=\"lazy\" decoding=\"async\" width=\"150\" height=\"150\" src=\"https:\/\/exchange.conlang.org\/wp-content\/uploads\/2010\/01\/dball_1_20100108_1541439420-150x150.jpg\" class=\"attachment-thumbnail size-thumbnail\" alt=\"\" \/><\/a>\n\t\t\t<\/dt><\/dl><br style=\"clear: both\" \/><dl class='gallery-item'>\n\t\t\t<dt class='gallery-icon portrait'>\n\t\t\t\t<a href='https:\/\/exchange.conlang.org\/?attachment_id=12'><img loading=\"lazy\" decoding=\"async\" width=\"150\" height=\"150\" src=\"https:\/\/exchange.conlang.org\/wp-content\/uploads\/2010\/01\/afurrow2_2_20100108_1725990931-150x150.jpg\" class=\"attachment-thumbnail size-thumbnail\" alt=\"\" \/><\/a>\n\t\t\t<\/dt><\/dl><dl class='gallery-item'>\n\t\t\t<dt class='gallery-icon portrait'>\n\t\t\t\t<a href='https:\/\/exchange.conlang.org\/?attachment_id=13'><img loading=\"lazy\" decoding=\"async\" width=\"150\" height=\"150\" src=\"https:\/\/exchange.conlang.org\/wp-content\/uploads\/2010\/01\/afurrow3_3_20100108_1002074148-150x150.jpg\" class=\"attachment-thumbnail size-thumbnail\" alt=\"\" \/><\/a>\n\t\t\t<\/dt><\/dl><dl class='gallery-item'>\n\t\t\t<dt class='gallery-icon landscape'>\n\t\t\t\t<a href='https:\/\/exchange.conlang.org\/?attachment_id=26'><img loading=\"lazy\" decoding=\"async\" width=\"150\" height=\"150\" src=\"https:\/\/exchange.conlang.org\/wp-content\/uploads\/2010\/01\/henrik1_1_20100108_1513277751-150x150.jpg\" class=\"attachment-thumbnail size-thumbnail\" alt=\"\" \/><\/a>\n\t\t\t<\/dt><\/dl><br style=\"clear: both\" \/><dl class='gallery-item'>\n\t\t\t<dt class='gallery-icon landscape'>\n\t\t\t\t<a href='https:\/\/exchange.conlang.org\/?attachment_id=27'><img loading=\"lazy\" decoding=\"async\" width=\"150\" height=\"150\" src=\"https:\/\/exchange.conlang.org\/wp-content\/uploads\/2010\/01\/henrik2_2_20100108_1693837261-150x150.jpg\" class=\"attachment-thumbnail size-thumbnail\" alt=\"\" \/><\/a>\n\t\t\t<\/dt><\/dl><dl class='gallery-item'>\n\t\t\t<dt class='gallery-icon landscape'>\n\t\t\t\t<a href='https:\/\/exchange.conlang.org\/?attachment_id=28'><img loading=\"lazy\" decoding=\"async\" width=\"150\" height=\"150\" src=\"https:\/\/exchange.conlang.org\/wp-content\/uploads\/2010\/01\/henrik3_3_20100108_1880448602-150x150.jpg\" class=\"attachment-thumbnail size-thumbnail\" alt=\"\" \/><\/a>\n\t\t\t<\/dt><\/dl><dl class='gallery-item'>\n\t\t\t<dt class='gallery-icon portrait'>\n\t\t\t\t<a href='https:\/\/exchange.conlang.org\/?attachment_id=34'><img loading=\"lazy\" decoding=\"async\" width=\"150\" height=\"150\" src=\"https:\/\/exchange.conlang.org\/wp-content\/uploads\/2010\/01\/leigh_1_20100123_1638739272-150x150.jpg\" class=\"attachment-thumbnail size-thumbnail\" alt=\"\" \/><\/a>\n\t\t\t<\/dt><\/dl><br style=\"clear: both\" \/><dl class='gallery-item'>\n\t\t\t<dt class='gallery-icon portrait'>\n\t\t\t\t<a href='https:\/\/exchange.conlang.org\/?attachment_id=49'><img loading=\"lazy\" decoding=\"async\" width=\"150\" height=\"150\" src=\"https:\/\/exchange.conlang.org\/wp-content\/uploads\/2010\/01\/theiling_1_20100123_1577669741-150x150.jpg\" class=\"attachment-thumbnail size-thumbnail\" alt=\"\" \/><\/a>\n\t\t\t<\/dt><\/dl><dl class='gallery-item'>\n\t\t\t<dt class='gallery-icon portrait'>\n\t\t\t\t<a href='https:\/\/exchange.conlang.org\/?attachment_id=46'><img loading=\"lazy\" decoding=\"async\" width=\"150\" height=\"150\" src=\"https:\/\/exchange.conlang.org\/wp-content\/uploads\/2010\/01\/smith_1_20100123_1000578081-150x150.jpg\" class=\"attachment-thumbnail size-thumbnail\" alt=\"\" \/><\/a>\n\t\t\t<\/dt><\/dl><dl class='gallery-item'>\n\t\t\t<dt class='gallery-icon portrait'>\n\t\t\t\t<a href='https:\/\/exchange.conlang.org\/?attachment_id=24'><img loading=\"lazy\" decoding=\"async\" width=\"150\" height=\"150\" src=\"https:\/\/exchange.conlang.org\/wp-content\/uploads\/2010\/01\/furrow_1_20100123_1059997279-150x150.jpg\" class=\"attachment-thumbnail size-thumbnail\" alt=\"\" \/><\/a>\n\t\t\t<\/dt><\/dl><br style=\"clear: both\" \/><dl class='gallery-item'>\n\t\t\t<dt class='gallery-icon portrait'>\n\t\t\t\t<a href='https:\/\/exchange.conlang.org\/?attachment_id=41'><img loading=\"lazy\" decoding=\"async\" width=\"150\" height=\"150\" src=\"https:\/\/exchange.conlang.org\/wp-content\/uploads\/2010\/01\/peterson_1_20100123_1738075847-150x150.jpg\" class=\"attachment-thumbnail size-thumbnail\" alt=\"\" \/><\/a>\n\t\t\t<\/dt><\/dl><dl class='gallery-item'>\n\t\t\t<dt class='gallery-icon portrait'>\n\t\t\t\t<a href='https:\/\/exchange.conlang.org\/?attachment_id=47'><img loading=\"lazy\" decoding=\"async\" width=\"150\" height=\"150\" src=\"https:\/\/exchange.conlang.org\/wp-content\/uploads\/2010\/01\/soderquist_1_20100123_1310703502-150x150.jpg\" class=\"attachment-thumbnail size-thumbnail\" alt=\"\" \/><\/a>\n\t\t\t<\/dt><\/dl><dl class='gallery-item'>\n\t\t\t<dt class='gallery-icon landscape'>\n\t\t\t\t<a href='https:\/\/exchange.conlang.org\/?attachment_id=25'><img loading=\"lazy\" decoding=\"async\" width=\"150\" height=\"150\" src=\"https:\/\/exchange.conlang.org\/wp-content\/uploads\/2010\/01\/harris_1_20100123_1248513846-150x150.jpg\" class=\"attachment-thumbnail size-thumbnail\" alt=\"\" \/><\/a>\n\t\t\t<\/dt><\/dl><br style=\"clear: both\" \/><dl class='gallery-item'>\n\t\t\t<dt class='gallery-icon portrait'>\n\t\t\t\t<a href='https:\/\/exchange.conlang.org\/?attachment_id=40'><img loading=\"lazy\" decoding=\"async\" width=\"150\" height=\"150\" src=\"https:\/\/exchange.conlang.org\/wp-content\/uploads\/2010\/01\/payne_1_20100123_1504622087-150x150.jpg\" class=\"attachment-thumbnail size-thumbnail\" alt=\"\" \/><\/a>\n\t\t\t<\/dt><\/dl><dl class='gallery-item'>\n\t\t\t<dt class='gallery-icon portrait'>\n\t\t\t\t<a href='https:\/\/exchange.conlang.org\/?attachment_id=48'><img loading=\"lazy\" decoding=\"async\" width=\"150\" height=\"150\" src=\"https:\/\/exchange.conlang.org\/wp-content\/uploads\/2010\/01\/suridge_1_20100123_1523057126-150x150.jpg\" class=\"attachment-thumbnail size-thumbnail\" alt=\"\" \/><\/a>\n\t\t\t<\/dt><\/dl><dl class='gallery-item'>\n\t\t\t<dt class='gallery-icon portrait'>\n\t\t\t\t<a href='https:\/\/exchange.conlang.org\/?attachment_id=38'><img loading=\"lazy\" decoding=\"async\" width=\"150\" height=\"150\" src=\"https:\/\/exchange.conlang.org\/wp-content\/uploads\/2010\/01\/mccleary0_1_20100123_1282444346-150x150.jpg\" class=\"attachment-thumbnail size-thumbnail\" alt=\"\" \/><\/a>\n\t\t\t<\/dt><\/dl><br style=\"clear: both\" \/><dl class='gallery-item'>\n\t\t\t<dt class='gallery-icon landscape'>\n\t\t\t\t<a href='https:\/\/exchange.conlang.org\/?attachment_id=50'><img loading=\"lazy\" decoding=\"async\" width=\"150\" height=\"150\" src=\"https:\/\/exchange.conlang.org\/wp-content\/uploads\/2010\/01\/walker_1_20100123_1110113338-150x150.jpg\" class=\"attachment-thumbnail size-thumbnail\" alt=\"\" \/><\/a>\n\t\t\t<\/dt><\/dl><dl class='gallery-item'>\n\t\t\t<dt class='gallery-icon portrait'>\n\t\t\t\t<a href='https:\/\/exchange.conlang.org\/?attachment_id=42'><img loading=\"lazy\" decoding=\"async\" width=\"150\" height=\"150\" src=\"https:\/\/exchange.conlang.org\/wp-content\/uploads\/2010\/01\/rusiste-blk_1_20100123_1208680872-150x150.png\" class=\"attachment-thumbnail size-thumbnail\" alt=\"\" \/><\/a>\n\t\t\t<\/dt><\/dl>\n\t\t\t<br style='clear: both' \/>\n\t\t<\/div>\n\n","protected":false},"excerpt":{"rendered":"","protected":false},"author":1,"featured_media":0,"parent":0,"menu_order":1,"comment_status":"open","ping_status":"open","template":"","meta":{"footnotes":""},"class_list":["post-53","page","type-page","status-publish","hentry"],"_links":{"self":[{"href":"https:\/\/exchange.conlang.org\/index.php?rest_route=\/wp\/v2\/pages\/53","targetHints":{"allow":["GET"]}}],"collection":[{"href":"https:\/\/exchange.conlang.org\/index.php?rest_route=\/wp\/v2\/pages"}],"about":[{"href":"https:\/\/exchange.conlang.org\/index.php?rest_route=\/wp\/v2\/types\/page"}],"author":[{"embeddable":true,"href":"https:\/\/exchange.conlang.org\/index.php?rest_route=\/wp\/v2\/users\/1"}],"replies":[{"embeddable":true,"href":"https:\/\/exchange.conlang.org\/index.php?rest_route=%2Fwp%2Fv2%2Fcomments&post=53"}],"version-history":[{"count":10,"href":"https:\/\/exchange.conlang.org\/index.php?rest_route=\/wp\/v2\/pages\/53\/revisions"}],"predecessor-version":[{"id":82,"href":"https:\/\/exchange.conlang.org\/index.php?rest_route=\/wp\/v2\/pages\/53\/revisions\/82"}],"wp:attachment":[{"href":"https:\/\/exchange.conlang.org\/index.php?rest_route=%2Fwp%2Fv2%2Fmedia&parent=53"}],"curies":[{"name":"wp","href":"https:\/\/api.w.org\/{rel}","templated":true}]}}